{"id":3215,"date":"2024-09-17T20:05:48","date_gmt":"2024-09-17T20:05:48","guid":{"rendered":"https:\/\/ekibw.de\/?page_id=3215"},"modified":"2025-01-28T13:46:11","modified_gmt":"2025-01-28T13:46:11","slug":"automatisch-gespeicherter-entwurf","status":"publish","type":"page","link":"https:\/\/ekibw.de\/?page_id=3215","title":{"rendered":"Krabbelgruppe die Kirchenm\u00e4use"},"content":{"rendered":"<p>[et_pb_section fb_built=&#8220;1&#8243; _builder_version=&#8220;4.25.0&#8243; _module_preset=&#8220;default&#8220; use_background_color_gradient=&#8220;on&#8220; background_color_gradient_stops=&#8220;#f2f0ea 0%|#ffffff 100%&#8220; background_color_gradient_start=&#8220;#f2f0ea&#8220; background_color_gradient_end=&#8220;#ffffff&#8220; background_enable_image=&#8220;off&#8220; background_blend=&#8220;darken&#8220; custom_padding=&#8220;43px||40px|||&#8220; global_colors_info=&#8220;{}&#8220;][et_pb_row column_structure=&#8220;3_4,1_4&#8243; _builder_version=&#8220;4.27.2&#8243; _module_preset=&#8220;default&#8220; background_color=&#8220;#ffffff&#8220; custom_margin=&#8220;-43px||||false|false&#8220; custom_padding=&#8220;10px|20px|7px|32px|false|false&#8220; global_colors_info=&#8220;{}&#8220;][et_pb_column type=&#8220;3_4&#8243; _builder_version=&#8220;4.16&#8243; _module_preset=&#8220;default&#8220; global_colors_info=&#8220;{}&#8220;][et_pb_text admin_label=&#8220;\u00dcberschrift&#8220; _builder_version=&#8220;4.27.0&#8243; text_font=&#8220;||||||||&#8220; text_font_size=&#8220;16px&#8220; text_line_height=&#8220;2em&#8220; header_font=&#8220;||||||||&#8220; header_text_color=&#8220;#44580e&#8220; header_2_font=&#8220;Montserrat|800|||||||&#8220; header_2_font_size=&#8220;30px&#8220; header_2_line_height=&#8220;1.5em&#8220; header_3_font=&#8220;||||||||&#8220; header_4_font=&#8220;||||||||&#8220; max_width=&#8220;707px&#8220; max_width_tablet=&#8220;700px&#8220; max_width_phone=&#8220;700px&#8220; max_width_last_edited=&#8220;off|desktop&#8220; custom_margin=&#8220;||30px|&#8220; custom_margin_tablet=&#8220;|0px||&#8220; custom_margin_phone=&#8220;|0px||&#8220; custom_margin_last_edited=&#8220;off|desktop&#8220; custom_padding=&#8220;20px|||&#8220; header_2_font_size_tablet=&#8220;30px&#8220; header_2_font_size_phone=&#8220;20px&#8220; header_2_font_size_last_edited=&#8220;on|phone&#8220; border_color_all=&#8220;#44580e&#8220; border_width_bottom=&#8220;2px&#8220; border_color_bottom=&#8220;#7cda24&#8243; locked=&#8220;off&#8220; global_colors_info=&#8220;{}&#8220;]<\/p>\n<h2>Krabbelgruppe die Kirchenm\u00e4use<\/h2>\n<p>[\/et_pb_text][et_pb_text _builder_version=&#8220;4.27.2&#8243; _module_preset=&#8220;default&#8220; global_colors_info=&#8220;{}&#8220;]<\/p>\n<p>Wir sind eine Krabbelgruppe f\u00fcr alle M\u00fctter und V\u00e4ter mit kleinen Kindern von 0 bis zur Kindergartenzeit.<br \/>Jeden Mittwoch (au\u00dfer in den Sommer-\/Weihnachtsferien) treffen wir uns, von 9.30 &#8211; 11.00 Uhr, im Gemeinderaum in Buchenberg zum Spielen, Singen und Lachen.<br \/>Es werden Geschichten erz\u00e4hlt oder mal zusammen gebastelt. Dabei gibt es auch die M\u00f6glichkeit sich mit den anderen Eltern auszutauschen.<br \/>Bei sch\u00f6nem Wetter gehen wir auch spazieren oder auf den Spielplatz.<br \/>Gemeinsam gehen wir so durch das Kirchenjahr. Wir thematisieren die gro\u00dfen christlichen Feste mit den Kindern gemeinsam und feiern diese zusammen.<\/p>\n<p>[\/et_pb_text][et_pb_gallery gallery_ids=&#8220;3220,3214&#8243; posts_number=&#8220;2&#8243; _builder_version=&#8220;4.27.0&#8243; _module_preset=&#8220;default&#8220; global_colors_info=&#8220;{}&#8220;][\/et_pb_gallery][\/et_pb_column][et_pb_column type=&#8220;1_4&#8243; _builder_version=&#8220;4.16&#8243; _module_preset=&#8220;default&#8220; global_colors_info=&#8220;{}&#8220;][et_pb_text admin_label=&#8220;Ansprechpartner&#8220; _builder_version=&#8220;4.27.2&#8243; _module_preset=&#8220;default&#8220; background_color=&#8220;rgba(242,240,234,0.5)&#8220; custom_margin=&#8220;80px||||false|false&#8220; custom_padding=&#8220;20px|15px|15px|15px|false|false&#8220; border_width_top=&#8220;4px&#8220; border_color_top=&#8220;#934e99&#8243; global_colors_info=&#8220;{}&#8220;]<\/p>\n<p><strong>Ansprechpartner\/in:<\/strong><\/p>\n<div>Marianne Fichter<br \/>Tel.: 0174 4188552<\/div>\n<div><a href=\"mailto:fichtermarianne@aol.com\" target=\"_blank\" rel=\"noopener\">fichtermarianne@aol.com<\/a><\/div>\n<p>[\/et_pb_text][et_pb_text admin_label=&#8220;Termin der Gruppe&#8220; _builder_version=&#8220;4.27.4&#8243; _module_preset=&#8220;default&#8220; background_color=&#8220;rgba(242,240,234,0.5)&#8220; custom_margin=&#8220;20px||||false|false&#8220; custom_padding=&#8220;20px|15px|15px|15px|false|false&#8220; hover_enabled=&#8220;0&#8243; border_width_top=&#8220;4px&#8220; border_color_top=&#8220;#934e99&#8243; global_colors_info=&#8220;{}&#8220; theme_builder_area=&#8220;post_content&#8220; sticky_enabled=&#8220;0&#8243;]<\/p>\n<p>Wir treffen uns immer\u00a0<strong>Mittwochs<\/strong> um\u00a0<strong>09:30 Uhr<\/strong> im <strong>Gemeinderaum in Buchenberg<\/strong><\/p>\n<p>[\/et_pb_text][et_pb_sidebar area=&#8220;et_pb_widget_area_2&#8243; admin_label=&#8220;Widget: Links&#8220; _builder_version=&#8220;4.27.2&#8243; _module_preset=&#8220;default&#8220; background_color=&#8220;#f2f0ea&#8220; custom_padding=&#8220;20px|15px|15px|15px|false|false&#8220; border_width_top=&#8220;4px&#8220; border_color_top=&#8220;#934e99&#8243; global_colors_info=&#8220;{}&#8220;][\/et_pb_sidebar][\/et_pb_column][\/et_pb_row][\/et_pb_section]<\/p>\n","protected":false},"excerpt":{"rendered":"<p>Krabbelgruppe die Kirchenm\u00e4use Wir sind eine Krabbelgruppe f\u00fcr alle M\u00fctter und V\u00e4ter mit kleinen Kindern von 0 bis zur Kindergartenzeit.Jeden Mittwoch (au\u00dfer in den Sommer-\/Weihnachtsferien) treffen wir uns, von 9.30 &#8211; 11.00 Uhr, im Gemeinderaum in Buchenberg zum Spielen, Singen und Lachen.Es werden Geschichten erz\u00e4hlt oder mal zusammen gebastelt. Dabei gibt es auch die M\u00f6glichkeit [&hellip;]<\/p>\n","protected":false},"author":5,"featured_media":0,"parent":0,"menu_order":0,"comment_status":"closed","ping_status":"closed","template":"","meta":{"_et_pb_use_builder":"on","_et_pb_old_content":"","_et_gb_content_width":"","footnotes":""},"class_list":["post-3215","page","type-page","status-publish","hentry"],"_links":{"self":[{"href":"https:\/\/ekibw.de\/index.php?rest_route=\/wp\/v2\/pages\/3215","targetHints":{"allow":["GET"]}}],"collection":[{"href":"https:\/\/ekibw.de\/index.php?rest_route=\/wp\/v2\/pages"}],"about":[{"href":"https:\/\/ekibw.de\/index.php?rest_route=\/wp\/v2\/types\/page"}],"author":[{"embeddable":true,"href":"https:\/\/ekibw.de\/index.php?rest_route=\/wp\/v2\/users\/5"}],"replies":[{"embeddable":true,"href":"https:\/\/ekibw.de\/index.php?rest_route=%2Fwp%2Fv2%2Fcomments&post=3215"}],"version-history":[{"count":8,"href":"https:\/\/ekibw.de\/index.php?rest_route=\/wp\/v2\/pages\/3215\/revisions"}],"predecessor-version":[{"id":3664,"href":"https:\/\/ekibw.de\/index.php?rest_route=\/wp\/v2\/pages\/3215\/revisions\/3664"}],"wp:attachment":[{"href":"https:\/\/ekibw.de\/index.php?rest_route=%2Fwp%2Fv2%2Fmedia&parent=3215"}],"curies":[{"name":"wp","href":"https:\/\/api.w.org\/{rel}","templated":true}]}}