{"id":305,"date":"2020-12-11T14:40:56","date_gmt":"2020-12-11T14:40:56","guid":{"rendered":"https:\/\/ekibw.de\/?page_id=305"},"modified":"2024-11-28T10:16:29","modified_gmt":"2024-11-28T10:16:29","slug":"frauentreff","status":"publish","type":"page","link":"https:\/\/ekibw.de\/?page_id=305","title":{"rendered":"Frauentreff"},"content":{"rendered":"<p>[et_pb_section fb_built=&#8220;1&#8243; _builder_version=&#8220;4.16&#8243; _module_preset=&#8220;default&#8220; use_background_color_gradient=&#8220;on&#8220; background_color_gradient_stops=&#8220;#f2f0ea 0%|#ffffff 100%&#8220; background_color_gradient_start=&#8220;#f2f0ea&#8220; background_color_gradient_end=&#8220;#ffffff&#8220; background_enable_image=&#8220;off&#8220; background_blend=&#8220;darken&#8220; custom_padding=&#8220;43px||40px|||&#8220; global_colors_info=&#8220;{}&#8220;][et_pb_row column_structure=&#8220;3_4,1_4&#8243; _builder_version=&#8220;4.27.2&#8243; _module_preset=&#8220;default&#8220; background_color=&#8220;#ffffff&#8220; custom_margin=&#8220;-43px||||false|false&#8220; custom_padding=&#8220;10px|20px|7px|32px|false|false&#8220; global_colors_info=&#8220;{}&#8220;][et_pb_column type=&#8220;3_4&#8243; _builder_version=&#8220;4.16&#8243; _module_preset=&#8220;default&#8220; global_colors_info=&#8220;{}&#8220;][et_pb_text admin_label=&#8220;\u00dcberschrift&#8220; _builder_version=&#8220;4.16&#8243; text_font=&#8220;||||||||&#8220; text_font_size=&#8220;16px&#8220; text_line_height=&#8220;2em&#8220; header_font=&#8220;||||||||&#8220; header_text_color=&#8220;#44580e&#8220; header_2_font=&#8220;Montserrat|800|||||||&#8220; header_2_font_size=&#8220;30px&#8220; header_2_line_height=&#8220;1.5em&#8220; header_3_font=&#8220;||||||||&#8220; header_4_font=&#8220;||||||||&#8220; max_width=&#8220;520px&#8220; max_width_tablet=&#8220;700px&#8220; max_width_phone=&#8220;700px&#8220; max_width_last_edited=&#8220;off|desktop&#8220; custom_margin=&#8220;||30px|&#8220; custom_margin_tablet=&#8220;|0px||&#8220; custom_margin_phone=&#8220;|0px||&#8220; custom_margin_last_edited=&#8220;off|desktop&#8220; custom_padding=&#8220;20px|||&#8220; header_2_font_size_tablet=&#8220;30px&#8220; header_2_font_size_phone=&#8220;20px&#8220; header_2_font_size_last_edited=&#8220;on|phone&#8220; border_color_all=&#8220;#44580e&#8220; border_width_bottom=&#8220;2px&#8220; border_color_bottom=&#8220;#7cda24&#8243; locked=&#8220;off&#8220; global_colors_info=&#8220;{}&#8220;]<\/p>\n<h2>Frauentreff<\/h2>\n<p>[\/et_pb_text][et_pb_text _builder_version=&#8220;4.27.4&#8243; _module_preset=&#8220;default&#8220; hover_enabled=&#8220;0&#8243; global_colors_info=&#8220;{}&#8220; sticky_enabled=&#8220;0&#8243;]<\/p>\n<p><strong>30-j\u00e4hriges Jubil\u00e4um des Frauenkreises in Buchenberg<br \/><\/strong>In den Wintermonaten, von November bis April, treffen sich einmal monatlich donnerstags Buchenberger Frauen, um Gemeinschaft zu erleben, gute Gespr\u00e4che zu f\u00fchren, miteinander zu singen, zuzuh\u00f6ren, zu beten und zu feiern.<br \/>Nach dem gemeinsamen Fr\u00fchst\u00fcck widmen wir uns wechselnden Themen, f\u00fcr die wir Referentinnen und Referenten aus der Gemeinde, aber auch von au\u00dferhalb einladen. Wir gehen gemeinsam \u201eLebenswegen\u201c nach und sprechen \u00fcber das, was zwischen Himmel und Erde ist. \u00dcber neue Gesichter freuen wir uns immer wieder.<\/p>\n<p>Im Jahr 1994 wurde der Kreis gegr\u00fcndet von Roswitha Matuschek. Am 7. November feierten wir nun unser 30-j\u00e4hriges Jubil\u00e4um an einem liebevoll, herbstlich gedeckten Fr\u00fchst\u00fcckstisch. Mit einer kurzen Andacht zum Thema &#8218;Jesus und die Frauen&#8216; stimmte uns Frau Pfarrerin Gabriele Mayer ein auf die Bedeutung von Frauen in der Kirche. So durften wir in Gespr\u00e4chen und beim Blick in Fotoalben in Erinnerungen schwelgen: Sch\u00f6ne Ausfl\u00fcge und Zeiten, in denen wir gemeinsam Kraft tanken durften f\u00fcr den Alltag. Danach gingen wir wieder, wie immer, jede zur\u00fcck in ihre Familie, um die Herausforderungen anzunehmen, die das Leben so an uns stellt\u2026 in Dankbarkeit, gest\u00e4rkt, beseelt und mit Segen Gottes.<\/p>\n<p><img loading=\"lazy\" decoding=\"async\" class=\"alignnone wp-image-3555 size-large\" src=\"https:\/\/ekibw.de\/wp-content\/uploads\/2024\/11\/30-jaehriges-Jubilaeum-Buchenberger-Frauenkreis-1024x768.jpg\" alt=\"\" width=\"1024\" height=\"768\" \/><\/p>\n<p>[\/et_pb_text][\/et_pb_column][et_pb_column type=&#8220;1_4&#8243; _builder_version=&#8220;4.16&#8243; _module_preset=&#8220;default&#8220; global_colors_info=&#8220;{}&#8220;][et_pb_text admin_label=&#8220;Ansprechpartner&#8220; _builder_version=&#8220;4.27.2&#8243; _module_preset=&#8220;default&#8220; background_color=&#8220;rgba(242,240,234,0.5)&#8220; custom_margin=&#8220;80px||||false|false&#8220; custom_padding=&#8220;20px|15px|15px|15px|false|false&#8220; border_width_top=&#8220;4px&#8220; border_color_top=&#8220;#934e99&#8243; global_colors_info=&#8220;{}&#8220;]<\/p>\n<p><strong>Ansprechpartner\/in:<\/strong><\/p>\n<p>Ingrid Graus<br \/>Tel.: 07725 1521<br \/><a href=\"mailto:amesstisch@gmail.com\">amesstisch@gmail.com<\/a><\/p>\n<p>&nbsp;<\/p>\n<p>[\/et_pb_text][et_pb_sidebar area=&#8220;et_pb_widget_area_2&#8243; admin_label=&#8220;Widget: Links&#8220; _builder_version=&#8220;4.27.2&#8243; _module_preset=&#8220;default&#8220; background_color=&#8220;#f2f0ea&#8220; custom_padding=&#8220;20px|15px|15px|15px|false|false&#8220; border_width_top=&#8220;4px&#8220; border_color_top=&#8220;#934e99&#8243; global_colors_info=&#8220;{}&#8220;][\/et_pb_sidebar][\/et_pb_column][\/et_pb_row][\/et_pb_section]<\/p>\n","protected":false},"excerpt":{"rendered":"<p>Frauentreff30-j\u00e4hriges Jubil\u00e4um des Frauenkreises in BuchenbergIn den Wintermonaten, von November bis April, treffen sich einmal monatlich donnerstags Buchenberger Frauen, um Gemeinschaft zu erleben, gute Gespr\u00e4che zu f\u00fchren, miteinander zu singen, zuzuh\u00f6ren, zu beten und zu feiern.Nach dem gemeinsamen Fr\u00fchst\u00fcck widmen wir uns wechselnden Themen, f\u00fcr die wir Referentinnen und Referenten aus der Gemeinde, aber auch [&hellip;]<\/p>\n","protected":false},"author":2,"featured_media":0,"parent":0,"menu_order":0,"comment_status":"closed","ping_status":"closed","template":"","meta":{"_et_pb_use_builder":"on","_et_pb_old_content":"","_et_gb_content_width":"","footnotes":""},"class_list":["post-305","page","type-page","status-publish","hentry"],"_links":{"self":[{"href":"https:\/\/ekibw.de\/index.php?rest_route=\/wp\/v2\/pages\/305","targetHints":{"allow":["GET"]}}],"collection":[{"href":"https:\/\/ekibw.de\/index.php?rest_route=\/wp\/v2\/pages"}],"about":[{"href":"https:\/\/ekibw.de\/index.php?rest_route=\/wp\/v2\/types\/page"}],"author":[{"embeddable":true,"href":"https:\/\/ekibw.de\/index.php?rest_route=\/wp\/v2\/users\/2"}],"replies":[{"embeddable":true,"href":"https:\/\/ekibw.de\/index.php?rest_route=%2Fwp%2Fv2%2Fcomments&post=305"}],"version-history":[{"count":19,"href":"https:\/\/ekibw.de\/index.php?rest_route=\/wp\/v2\/pages\/305\/revisions"}],"predecessor-version":[{"id":3563,"href":"https:\/\/ekibw.de\/index.php?rest_route=\/wp\/v2\/pages\/305\/revisions\/3563"}],"wp:attachment":[{"href":"https:\/\/ekibw.de\/index.php?rest_route=%2Fwp%2Fv2%2Fmedia&parent=305"}],"curies":[{"name":"wp","href":"https:\/\/api.w.org\/{rel}","templated":true}]}}