{"id":301,"date":"2020-12-11T14:39:54","date_gmt":"2020-12-11T14:39:54","guid":{"rendered":"https:\/\/ekibw.de\/?page_id=301"},"modified":"2024-10-24T07:51:31","modified_gmt":"2024-10-24T07:51:31","slug":"besuchsdienst-2","status":"publish","type":"page","link":"https:\/\/ekibw.de\/?page_id=301","title":{"rendered":"Besuchsdienst Buchenberg"},"content":{"rendered":"<p>[et_pb_section fb_built=&#8220;1&#8243; _builder_version=&#8220;4.16&#8243; _module_preset=&#8220;default&#8220; use_background_color_gradient=&#8220;on&#8220; background_color_gradient_stops=&#8220;#f2f0ea 0%|#ffffff 100%&#8220; background_color_gradient_start=&#8220;#f2f0ea&#8220; background_color_gradient_end=&#8220;#ffffff&#8220; background_enable_image=&#8220;off&#8220; background_blend=&#8220;darken&#8220; custom_padding=&#8220;43px||40px|||&#8220; global_colors_info=&#8220;{}&#8220;][et_pb_row column_structure=&#8220;3_4,1_4&#8243; _builder_version=&#8220;4.27.2&#8243; _module_preset=&#8220;default&#8220; background_color=&#8220;#ffffff&#8220; custom_margin=&#8220;-43px||||false|false&#8220; custom_padding=&#8220;10px|20px|7px|32px|false|false&#8220; hover_enabled=&#8220;0&#8243; global_colors_info=&#8220;{}&#8220; sticky_enabled=&#8220;0&#8243;][et_pb_column type=&#8220;3_4&#8243; _builder_version=&#8220;4.16&#8243; _module_preset=&#8220;default&#8220; global_colors_info=&#8220;{}&#8220;][et_pb_text admin_label=&#8220;\u00dcberschrift&#8220; _builder_version=&#8220;4.27.2&#8243; text_font=&#8220;||||||||&#8220; text_font_size=&#8220;16px&#8220; text_line_height=&#8220;2em&#8220; header_font=&#8220;||||||||&#8220; header_text_color=&#8220;#44580e&#8220; header_2_font=&#8220;Montserrat|800|||||||&#8220; header_2_font_size=&#8220;30px&#8220; header_2_line_height=&#8220;1.5em&#8220; header_3_font=&#8220;||||||||&#8220; header_4_font=&#8220;||||||||&#8220; max_width=&#8220;520px&#8220; max_width_tablet=&#8220;700px&#8220; max_width_phone=&#8220;700px&#8220; max_width_last_edited=&#8220;off|desktop&#8220; custom_margin=&#8220;||30px|&#8220; custom_margin_tablet=&#8220;|0px||&#8220; custom_margin_phone=&#8220;|0px||&#8220; custom_margin_last_edited=&#8220;off|desktop&#8220; custom_padding=&#8220;20px|||&#8220; header_2_font_size_tablet=&#8220;30px&#8220; header_2_font_size_phone=&#8220;20px&#8220; header_2_font_size_last_edited=&#8220;on|phone&#8220; border_color_all=&#8220;#44580e&#8220; border_width_bottom=&#8220;2px&#8220; border_color_bottom=&#8220;#7cda24&#8243; locked=&#8220;off&#8220; global_colors_info=&#8220;{}&#8220;]<\/p>\n<h2>Besuchsdienst Buchenberg<\/h2>\n<p>[\/et_pb_text][et_pb_text _builder_version=&#8220;4.16&#8243; _module_preset=&#8220;default&#8220; custom_padding=&#8220;0px||0px|||&#8220; global_colors_info=&#8220;{}&#8220;]<\/p>\n<p>Besuche machen ist ein unersetzbarer Bestandteil kirchlicher Arbeit. Besuche machen und Besuch empfangen zieht sich durch die ganze Bibel. Gott besuchte Abraham in hohem Alter und sagte ihm voraus, dass er in einem Jahr einen Sohn bekommen wird. Sara konnte es kaum glauben. Der Sohn hie\u00df Isaak. Die schwangere Maria besuchte die ebenfalls schwangere Elisabeth. Und deren Kind h\u00fcpfte dabei im Mutterleib. Und in Matth\u00e4us 25 ist es Jesus selbst, der den Besuch als Teil des diakonischen Handelns so ausdr\u00fcckt: \u201eIch bin krank und im Gef\u00e4ngnis gewesen und ihr habt mich besucht.\u201c (25,36)<\/p>\n<p>Da wo Menschen in Not sind, wo sie Hilfe brauchen und seelsorglichen Beistand, macht Gemeinde Besuche.<\/p>\n<p>Besuche haben auch die Aufgabe, pers\u00f6nliche Beziehungen aufzunehmen, aufzubauen und zu pflegen. Dies geschieht in unserer Gemeinde durch die Geburtstagbesuche unserer \u00e4lteren Gemeindeglieder. Unser Besuchsdienst besteht aus 8-10 Frauen und M\u00e4nnern, die Gemeindeglieder ab dem 75. Geburtstag jedes Jahr besuchen. Vom 70.-74. Geburtstag bekommt jedes Gemeindeglied eine Gl\u00fcckwunschkarte zugeschickt. Den Jubilaren wird eine Gl\u00fcckwunschkarte und ein Textheft \u00fcberreicht.\u00a0 So sind \u00fcber die Jahre viele gute Beziehungen entstanden.<\/p>\n<p>[\/et_pb_text][\/et_pb_column][et_pb_column type=&#8220;1_4&#8243; _builder_version=&#8220;4.16&#8243; _module_preset=&#8220;default&#8220; global_colors_info=&#8220;{}&#8220;][et_pb_text admin_label=&#8220;Ansprechpartner&#8220; _builder_version=&#8220;4.27.2&#8243; _module_preset=&#8220;default&#8220; background_color=&#8220;rgba(242,240,234,0.5)&#8220; custom_margin=&#8220;80px||||false|false&#8220; custom_padding=&#8220;20px|15px|15px|15px|false|false&#8220; border_width_top=&#8220;4px&#8220; border_color_top=&#8220;#934e99&#8243; global_colors_info=&#8220;{}&#8220;]<\/p>\n<p><strong>Ansprechpartner\/in:<\/strong><\/p>\n<p>Heidi Hils<br \/>Tel: (0 77 25) 6 94<\/p>\n<p>[\/et_pb_text][et_pb_sidebar area=&#8220;et_pb_widget_area_2&#8243; admin_label=&#8220;Widget: Links&#8220; _builder_version=&#8220;4.27.2&#8243; _module_preset=&#8220;default&#8220; background_color=&#8220;#f2f0ea&#8220; custom_padding=&#8220;20px|15px|15px|15px|false|false&#8220; border_width_top=&#8220;4px&#8220; border_color_top=&#8220;#934e99&#8243; global_colors_info=&#8220;{}&#8220;][\/et_pb_sidebar][\/et_pb_column][\/et_pb_row][\/et_pb_section]<\/p>\n","protected":false},"excerpt":{"rendered":"<p>Besuchsdienst BuchenbergBesuche machen ist ein unersetzbarer Bestandteil kirchlicher Arbeit. Besuche machen und Besuch empfangen zieht sich durch die ganze Bibel. Gott besuchte Abraham in hohem Alter und sagte ihm voraus, dass er in einem Jahr einen Sohn bekommen wird. Sara konnte es kaum glauben. Der Sohn hie\u00df Isaak. Die schwangere Maria besuchte die ebenfalls schwangere [&hellip;]<\/p>\n","protected":false},"author":2,"featured_media":0,"parent":0,"menu_order":0,"comment_status":"closed","ping_status":"closed","template":"","meta":{"_et_pb_use_builder":"on","_et_pb_old_content":"","_et_gb_content_width":"","footnotes":""},"class_list":["post-301","page","type-page","status-publish","hentry"],"_links":{"self":[{"href":"https:\/\/ekibw.de\/index.php?rest_route=\/wp\/v2\/pages\/301","targetHints":{"allow":["GET"]}}],"collection":[{"href":"https:\/\/ekibw.de\/index.php?rest_route=\/wp\/v2\/pages"}],"about":[{"href":"https:\/\/ekibw.de\/index.php?rest_route=\/wp\/v2\/types\/page"}],"author":[{"embeddable":true,"href":"https:\/\/ekibw.de\/index.php?rest_route=\/wp\/v2\/users\/2"}],"replies":[{"embeddable":true,"href":"https:\/\/ekibw.de\/index.php?rest_route=%2Fwp%2Fv2%2Fcomments&post=301"}],"version-history":[{"count":14,"href":"https:\/\/ekibw.de\/index.php?rest_route=\/wp\/v2\/pages\/301\/revisions"}],"predecessor-version":[{"id":3413,"href":"https:\/\/ekibw.de\/index.php?rest_route=\/wp\/v2\/pages\/301\/revisions\/3413"}],"wp:attachment":[{"href":"https:\/\/ekibw.de\/index.php?rest_route=%2Fwp%2Fv2%2Fmedia&parent=301"}],"curies":[{"name":"wp","href":"https:\/\/api.w.org\/{rel}","templated":true}]}}