{"id":299,"date":"2020-12-11T14:39:24","date_gmt":"2020-12-11T14:39:24","guid":{"rendered":"https:\/\/ekibw.de\/?page_id=299"},"modified":"2024-10-24T08:55:21","modified_gmt":"2024-10-24T08:55:21","slug":"gemeindefoerder-und-diakonieverein","status":"publish","type":"page","link":"https:\/\/ekibw.de\/?page_id=299","title":{"rendered":"Gemeindef\u00f6rder- und Diakonieverein"},"content":{"rendered":"<p>[et_pb_section fb_built=&#8220;1&#8243; _builder_version=&#8220;4.26.0&#8243; _module_preset=&#8220;default&#8220; use_background_color_gradient=&#8220;on&#8220; background_color_gradient_stops=&#8220;#f2f0ea 0%|#ffffff 100%&#8220; background_color_gradient_start=&#8220;#f2f0ea&#8220; background_color_gradient_end=&#8220;#ffffff&#8220; background_enable_image=&#8220;off&#8220; background_blend=&#8220;darken&#8220; custom_padding=&#8220;43px||40px|||&#8220; global_colors_info=&#8220;{}&#8220;][et_pb_row column_structure=&#8220;3_4,1_4&#8243; _builder_version=&#8220;4.27.2&#8243; _module_preset=&#8220;default&#8220; background_color=&#8220;#ffffff&#8220; custom_margin=&#8220;-43px||||false|false&#8220; custom_padding=&#8220;10px|20px|7px|32px|false|false&#8220; hover_enabled=&#8220;0&#8243; global_colors_info=&#8220;{}&#8220; sticky_enabled=&#8220;0&#8243;][et_pb_column type=&#8220;3_4&#8243; _builder_version=&#8220;4.16&#8243; _module_preset=&#8220;default&#8220; global_colors_info=&#8220;{}&#8220;][et_pb_text admin_label=&#8220;\u00dcberschrift&#8220; _builder_version=&#8220;4.16&#8243; text_font=&#8220;||||||||&#8220; text_font_size=&#8220;16px&#8220; text_line_height=&#8220;2em&#8220; header_font=&#8220;||||||||&#8220; header_text_color=&#8220;#44580e&#8220; header_2_font=&#8220;Montserrat|800|||||||&#8220; header_2_font_size=&#8220;30px&#8220; header_2_line_height=&#8220;1.5em&#8220; header_3_font=&#8220;||||||||&#8220; header_4_font=&#8220;||||||||&#8220; max_width=&#8220;673px&#8220; max_width_tablet=&#8220;700px&#8220; max_width_phone=&#8220;700px&#8220; max_width_last_edited=&#8220;off|desktop&#8220; custom_margin=&#8220;||30px|&#8220; custom_margin_tablet=&#8220;|0px||&#8220; custom_margin_phone=&#8220;|0px||&#8220; custom_margin_last_edited=&#8220;off|desktop&#8220; custom_padding=&#8220;20px|||&#8220; header_2_font_size_tablet=&#8220;30px&#8220; header_2_font_size_phone=&#8220;20px&#8220; header_2_font_size_last_edited=&#8220;on|phone&#8220; border_color_all=&#8220;#44580e&#8220; border_width_bottom=&#8220;2px&#8220; border_color_bottom=&#8220;#7cda24&#8243; locked=&#8220;off&#8220; global_colors_info=&#8220;{}&#8220;]<\/p>\n<h2>Gemeindef\u00f6rder- und Diakonieverein<\/h2>\n<p>[\/et_pb_text][et_pb_text _builder_version=&#8220;4.27.2&#8243; _module_preset=&#8220;default&#8220; custom_padding=&#8220;||0px|||&#8220; hover_enabled=&#8220;0&#8243; global_colors_info=&#8220;{}&#8220; sticky_enabled=&#8220;0&#8243;]<\/p>\n<p><strong>Vorstand:<\/strong><br \/>Vorsitzende: Kurt Koger, Tel.: (0 77 25) 91 67 70 &#8211; Stellvertr. Vorsitzende: Edith Jesek<br \/><span style=\"font-size: 14px;\">Kassiererin: Hilde Weisser<\/span><\/p>\n<p><strong>Erweiterte Vorstandschaft:<\/strong><br \/>Friedel Blum, Erich Heinzmann, Christa Reimer, Hans-Dieter Resak, Christel Schmidt<\/p>\n<p>Unsere T\u00e4tigkeiten innerhalb unserer Kirchengengemeinde<\/p>\n<p><strong>NACHBARSCHAFTSHILFE ..<\/strong>.<\/p>\n<p>&#8230; ist die Unterst\u00fctzung beim Einkaufen, wenn Sie gerade aus dem Krankenhaus kommen \u00a0\u00a0 oder es Ihnen zu gro\u00dfe M\u00fche bereitet, dies alleine zu erledigen, egal welches Alter Sie haben.<\/p>\n<p>&#8230; ist f\u00fcr Sie da, wenn es um die kurzfristige Betreuung Ihrer Kleinkinder geht.<\/p>\n<p>&#8230; ist die Begleitung beim Spazierengehen oder zum Arzt, wenn Sie z. B. aufgrund von k\u00f6rperlichen Behinderungen nicht mehr sicher auf den Beinen sind.<\/p>\n<p>&#8230; ist f\u00fcr Sie da, damit Sie sich als \u00e4lterer Mensch nicht so alleine f\u00fchlen und jemanden zum Reden haben.<\/p>\n<p>&#8230; ist die Hilfe, die Sie ben\u00f6tigen um so lange wie m\u00f6glich Ihren eigenen Haushalt zu f\u00fchren.<\/p>\n<p>&#8230; ist f\u00fcr Sie da, wenn Sie schnelle und unb\u00fcrokratische Hilfe ben\u00f6tigen. (z. B. Fahrdienst \u00a0\u00a0 zum Arzt oder zum Einkaufen.)<\/p>\n<p>\u2026 ist f\u00fcr Sie da, wenn Sie bei der Bearbeitung von Formularen, Antr\u00e4gen, Widerspr\u00fcchen \u00a0\u00a0 Unterst\u00fctzung brauchen<\/p>\n<p><strong>Technische Hilfen<\/strong><\/p>\n<p>Wir leihen Ihnen schnell und unb\u00fcrokratisch Kr\u00fccken, Rollatoren und Rollst\u00fchlen zum vor\u00fcbergehenden Gebrauch.<br \/><span style=\"font-size: 14px;\">Wir informieren \u00fcber Technische Hilfen bei der Anpassung der Wohnung, Hausnotruf, seniorengerechte Hilfsmittel.<\/span><\/p>\n<p><strong>Gr\u00fcndung:<\/strong><br \/>Die Arbeitsgemeinschaft der Sozialstation St. Georgen mit den Kirchengemeinden St. Georgen \u2013 Buchenberg \u2013 Weiler \u2013 K\u00f6nigsfeld \u2013 Br\u00fcdergemeine wurde am 01.01.1976 \u00a0gegr\u00fcndet.<\/p>\n<p>Der Diakonieverein Buchenberg e.V. wurde am 06.02.1983 gegr\u00fcndet.<\/p>\n<p><strong>Mitglieder:\u00a0 <\/strong>65 Hauptmitglieder, 27 Familienmitglieder (Stand Dezember 2020)<\/p>\n<p><strong>Aktivit\u00e4ten:<br \/><\/strong><span style=\"font-size: 14px;\">Informative Kaffeenachmittage und geselliges Beisammensein<br \/><\/span><span style=\"font-size: 14px;\">Gemeinsame Ausfl\u00fcge zu interessanten Zielen<\/span><\/p>\n<p><strong>Kontakt:<\/strong>\u00a0 Kurt Koger, Holzwiese 7 78126 K\u00f6nigsfeld<br \/>Tel.: (0 77 25) 91 67 70<br \/>E-Mail: <a href=\"mailto:kurt.koger@gmx.de\">kurt.koger@gmx.de<\/a><\/p>\n<p>[\/et_pb_text][et_pb_gallery gallery_ids=&#8220;38,803,805,804,806,808,807,809&#8243; posts_number=&#8220;16&#8243; _builder_version=&#8220;4.16&#8243; _module_preset=&#8220;default&#8220; global_colors_info=&#8220;{}&#8220;][\/et_pb_gallery][\/et_pb_column][et_pb_column type=&#8220;1_4&#8243; _builder_version=&#8220;4.16&#8243; _module_preset=&#8220;default&#8220; global_colors_info=&#8220;{}&#8220;][et_pb_text admin_label=&#8220;Ansprechpartner&#8220; _builder_version=&#8220;4.27.2&#8243; _module_preset=&#8220;default&#8220; background_color=&#8220;rgba(242,240,234,0.5)&#8220; custom_margin=&#8220;80px||||false|false&#8220; custom_padding=&#8220;20px|15px|15px|15px|false|false&#8220; hover_enabled=&#8220;0&#8243; border_width_top=&#8220;4px&#8220; border_color_top=&#8220;#934e99&#8243; global_colors_info=&#8220;{}&#8220; theme_builder_area=&#8220;post_content&#8220; sticky_enabled=&#8220;0&#8243;]<\/p>\n<p><strong>Ansprechpartner\/in:<\/strong><\/p>\n<p>Kurt Koger<br \/>Holzwiese 7, 78126 K\u00f6nigsfeld<br \/>Tel.: (0 77 25) 91 67 70<br \/>E-Mail: <a href=\"mailto:kurt.koger@gmx.de\">kurt.koger@gmx.de<\/a><\/p>\n<p>[\/et_pb_text][\/et_pb_column][\/et_pb_row][\/et_pb_section]<\/p>\n","protected":false},"excerpt":{"rendered":"<p>Gemeindef\u00f6rder- und DiakonievereinVorstand:Vorsitzende: Kurt Koger, Tel.: (0 77 25) 91 67 70 &#8211; Stellvertr. Vorsitzende: Edith JesekKassiererin: Hilde Weisser Erweiterte Vorstandschaft:Friedel Blum, Erich Heinzmann, Christa Reimer, Hans-Dieter Resak, Christel Schmidt Unsere T\u00e4tigkeiten innerhalb unserer Kirchengengemeinde NACHBARSCHAFTSHILFE &#8230; &#8230; ist die Unterst\u00fctzung beim Einkaufen, wenn Sie gerade aus dem Krankenhaus kommen \u00a0\u00a0 oder es Ihnen zu [&hellip;]<\/p>\n","protected":false},"author":2,"featured_media":0,"parent":0,"menu_order":0,"comment_status":"closed","ping_status":"closed","template":"","meta":{"_et_pb_use_builder":"on","_et_pb_old_content":"","_et_gb_content_width":"","footnotes":""},"class_list":["post-299","page","type-page","status-publish","hentry"],"_links":{"self":[{"href":"https:\/\/ekibw.de\/index.php?rest_route=\/wp\/v2\/pages\/299","targetHints":{"allow":["GET"]}}],"collection":[{"href":"https:\/\/ekibw.de\/index.php?rest_route=\/wp\/v2\/pages"}],"about":[{"href":"https:\/\/ekibw.de\/index.php?rest_route=\/wp\/v2\/types\/page"}],"author":[{"embeddable":true,"href":"https:\/\/ekibw.de\/index.php?rest_route=\/wp\/v2\/users\/2"}],"replies":[{"embeddable":true,"href":"https:\/\/ekibw.de\/index.php?rest_route=%2Fwp%2Fv2%2Fcomments&post=299"}],"version-history":[{"count":22,"href":"https:\/\/ekibw.de\/index.php?rest_route=\/wp\/v2\/pages\/299\/revisions"}],"predecessor-version":[{"id":3438,"href":"https:\/\/ekibw.de\/index.php?rest_route=\/wp\/v2\/pages\/299\/revisions\/3438"}],"wp:attachment":[{"href":"https:\/\/ekibw.de\/index.php?rest_route=%2Fwp%2Fv2%2Fmedia&parent=299"}],"curies":[{"name":"wp","href":"https:\/\/api.w.org\/{rel}","templated":true}]}}