{"id":287,"date":"2020-12-11T14:25:45","date_gmt":"2020-12-11T14:25:45","guid":{"rendered":"https:\/\/ekibw.de\/?page_id=287"},"modified":"2024-10-25T20:20:50","modified_gmt":"2024-10-25T20:20:50","slug":"unsere-orgeln","status":"publish","type":"page","link":"https:\/\/ekibw.de\/?page_id=287","title":{"rendered":"Unsere Orgeln"},"content":{"rendered":"<p>[et_pb_section fb_built=&#8220;1&#8243; _builder_version=&#8220;4.16&#8243; _module_preset=&#8220;default&#8220; use_background_color_gradient=&#8220;on&#8220; background_color_gradient_stops=&#8220;#f2f0ea 0%|#ffffff 100%&#8220; background_color_gradient_start=&#8220;#f2f0ea&#8220; background_color_gradient_end=&#8220;#ffffff&#8220; background_enable_image=&#8220;off&#8220; background_blend=&#8220;darken&#8220; custom_padding=&#8220;43px||40px|||&#8220; global_colors_info=&#8220;{}&#8220;][et_pb_row column_structure=&#8220;3_4,1_4&#8243; _builder_version=&#8220;4.27.2&#8243; _module_preset=&#8220;default&#8220; background_color=&#8220;#ffffff&#8220; custom_margin=&#8220;-43px||||false|false&#8220; custom_padding=&#8220;10px|20px|7px|32px|false|false&#8220; hover_enabled=&#8220;0&#8243; global_colors_info=&#8220;{}&#8220; sticky_enabled=&#8220;0&#8243;][et_pb_column type=&#8220;3_4&#8243; _builder_version=&#8220;4.16&#8243; _module_preset=&#8220;default&#8220; global_colors_info=&#8220;{}&#8220;][et_pb_text admin_label=&#8220;\u00dcberschrift&#8220; _builder_version=&#8220;4.16&#8243; text_font=&#8220;||||||||&#8220; text_font_size=&#8220;16px&#8220; text_line_height=&#8220;2em&#8220; header_font=&#8220;||||||||&#8220; header_text_color=&#8220;#44580e&#8220; header_2_font=&#8220;Montserrat|800|||||||&#8220; header_2_font_size=&#8220;30px&#8220; header_2_line_height=&#8220;1.5em&#8220; header_3_font=&#8220;||||||||&#8220; header_4_font=&#8220;||||||||&#8220; max_width=&#8220;520px&#8220; max_width_tablet=&#8220;700px&#8220; max_width_phone=&#8220;700px&#8220; max_width_last_edited=&#8220;off|desktop&#8220; custom_margin=&#8220;||30px|&#8220; custom_margin_tablet=&#8220;|0px||&#8220; custom_margin_phone=&#8220;|0px||&#8220; custom_margin_last_edited=&#8220;off|desktop&#8220; custom_padding=&#8220;20px|||&#8220; header_2_font_size_tablet=&#8220;30px&#8220; header_2_font_size_phone=&#8220;20px&#8220; header_2_font_size_last_edited=&#8220;on|phone&#8220; border_color_all=&#8220;#44580e&#8220; border_width_bottom=&#8220;2px&#8220; border_color_bottom=&#8220;#7cda24&#8243; locked=&#8220;off&#8220; global_colors_info=&#8220;{}&#8220;]<\/p>\n<h2>Unsere Orgeln<\/h2>\n<p>[\/et_pb_text][et_pb_text _builder_version=&#8220;4.16&#8243; _module_preset=&#8220;default&#8220; global_colors_info=&#8220;{}&#8220;]<\/p>\n<p><strong>Orgel der Dorfkirche in Buchenberg<\/strong><\/p>\n<p>Nach einem 1977 erstellten Vorschlag der Orgelbaufirma Heintz in Schiltach wurde 1980 der Umbau \/ die Erweiterung der vorhandenen ersten Orgel der Dorfkirche abgeschlossen und die Orgel durch das Evangelische Orgel- und Glockenpr\u00fcfungsamt S\u00fcdbaden abgenommen.<\/p>\n<p>Unter Verwendung des Geh\u00e4uses und des vorhandenen Pfeifenbestandes, der zum Teil ersetzt bzw. erg\u00e4nzt wurde, entstand die Orgel mit zwei Manualen (Doppelwindlade) in der Mitte in C- und Cis-Seite geteilt und Pedal. Die Disposition:<\/p>\n<ol>\n<li>Manual (C \u2013 g\u201c) Principal und Gemshorn 8\u2019, Octave und Blockfl\u00f6te 4\u2019, Principal 2\u2019 und Mixtur 4f.<br \/> 2. Manual (C \u2013 g\u201c) Gedackt 8\u2019, Rohrfl\u00f6te 4\u2019, Schwegel 2\u2019, Quint 1 1\/3\u2019, Siffl\u00f6te 1\u2019 und Sequialter 2f.<br \/> Pedal (C \u2013 f\u2019) Subbass 16\u2019, 8\u2019 und 4\u2019 als Transmissionslade gebaut.<br \/> Dazu kommen die Koppeln I\/P, II\/P und II\/I<\/li>\n<\/ol>\n<p>Die Stimmung der Orgel ist 440 Hz<\/p>\n<p><strong>Albrecht-Orgel in der Nikolauskirche<\/strong><br \/> In unserer Nikolauskirche steht ein Kleinod, die 300 Jahre alte Orgel des Orgelbauers Albrecht. Sie ist eine der vier Orgeln des Meisters, die noch existieren. Alle vier Orgeln wurden mit den besten Materialien ihrer Zeit gebaut und erklingen deshalb trotz ihres hohen Alters immer noch.<br \/>Unsere Orgel wurde durch die Orgelbauwerkst\u00e4tte G. Heintz aus Schiltach 2018 anl\u00e4sslich ihres 300 Geburtstages gr\u00fcndlich renoviert. Die Orgel besitzt 6 Register (Gedackt 8&#8242;, Fl\u00f6te 4&#8242;, Fl\u00f6tenprincipal 2&#8242;, Octave 2&#8242;, Superoctave 1&#8242; sowie Quinte 1 1\/3&#8242;). In der Zeit ihrer Entstehung war es durchaus \u00fcblich die unterste Oktave des Manual verk\u00fcrzt auszuf\u00fchren, f\u00fcr Organisten, die es nicht gew\u00f6hnt sind, eine gewisse Schwierigkeit. Da im Nikolauskirchlein keine Elektrische Stromversorgung vorhanden ist, muss der Organist den Wind f\u00fcr die Orgelpfeifen selbst w\u00e4hrend des Spielens mit dem rechten Fu\u00df sch\u00f6pfen.<br \/>Das \u00d6rgelchen, wie es von den Buchenbergern genannt, wird f\u00fcllt mit seinem wundersch\u00f6nen Klang die kleine Kirche in bezaubernder Weise und eignet sich nicht nur f\u00fcr die Begleitung der Gemeinde. Als Soloinstrument ist die Orgel sogar konzertf\u00e4hig. Die Stimmung der Orgel wurde bei der Restauration nicht ver\u00e4ndert und liegt bei etwa 425Hz, ausgesprochen un\u00fcblich.<\/p>\n<p><strong>Orgel der Kirche in Weiler<\/strong><\/p>\n<p>\u00a0<span style=\"font-size: 14px;\">Seit 1824 wird der Gemeindegesang in Weiler durch eine Orgel unterst\u00fctzt. Das erste Instrument war eine gebrauchte Orgel aus einem Villinger Kloster. Durch das defekt Dach der Kirche wurde das Instrument im Laufe der Zeit stark besch\u00e4digt und darum 1880 um ein neues Instrument gebeten. Den Auftrag f\u00fcr die neue Orgel (1 Manual und Pedal) erhielt die Fa. Voit aus Durlach. Sie wurde 1892 geliefert und geweiht. Seit 1936 wird der Wind f\u00fcr die Orgel elektrisch bereitgestellt. 1950 und 1961 erfolgten gr\u00f6\u00dfere Reparaturen bzw. eine \u00dcberholung des Instrumentes.\u00a0<\/span><\/p>\n<p>Die Disposition der Orgel: Manual \u2013 drei 8\u2019-Register (Prinzipal, Gamba, Gedeckt) \u2013 zwei 4\u2019-Register (Hohlfl\u00f6te, Octave) dazu 2\u2019 Kleinprinzipal, 1\u2019 Fl\u00f6te sowie eine Mixtur. Das Pedal ist mit 16\u2019 Subbass und 8\u2019 Octavbass ausgestattet. Dazu kommen 3 verschiedene Koppel.<\/p>\n<p>Die Stimmung ist 440 Hz.<\/p>\n<p><strong>Wartung unserer Orgeln<\/strong><\/p>\n<p>Alle drei Orgeln werden durch die Orgelbaufirma Heintz, Inh. Klaus Schleinitz in Schiltach gepflegt und gewartet.<\/p>\n<p><span>F\u00fcr die Bilder der folgenden Galerie bitte die Abk\u00fcrzungen beachten:<\/span><br \/><strong>DKiBu<\/strong><span>\u00a0\u2013 Dorfkirche Buchenberg #\u00a0<\/span><strong>KiW<\/strong><span>\u00a0\u2013 Kirche in Weiler #\u00a0<\/span><strong>NKBu<\/strong><span>\u00a0\u2013 Nikolauskirche Buchenberg<\/span><\/p>\n<p>[\/et_pb_text][et_pb_gallery gallery_ids=&#8220;1227,1238,1236,1237,1234,1233,1232,1231,1228,1229,1235,1027,1025,1024,1026,1137,1132,1133,1142,1135,1136,1134,1141,1140,1139,1138&#8243; posts_number=&#8220;16&#8243; _builder_version=&#8220;4.16&#8243; _module_preset=&#8220;default&#8220; global_colors_info=&#8220;{}&#8220;][\/et_pb_gallery][\/et_pb_column][et_pb_column type=&#8220;1_4&#8243; _builder_version=&#8220;4.16&#8243; _module_preset=&#8220;default&#8220; global_colors_info=&#8220;{}&#8220;][et_pb_text admin_label=&#8220;Ansprechpartner&#8220; _builder_version=&#8220;4.27.2&#8243; _module_preset=&#8220;default&#8220; background_color=&#8220;rgba(242,240,234,0.5)&#8220; custom_margin=&#8220;80px||||false|false&#8220; custom_padding=&#8220;20px|15px|15px|15px|false|false&#8220; hover_enabled=&#8220;0&#8243; border_width_top=&#8220;4px&#8220; border_color_top=&#8220;#934e99&#8243; global_colors_info=&#8220;{}&#8220; theme_builder_area=&#8220;post_content&#8220; sticky_enabled=&#8220;0&#8243;]<\/p>\n<p><strong>Ansprechpartner\/in:<\/strong><\/p>\n<p>Leberecht Thiele<br \/>Tel: (0 77 25) 40 40 54<br \/>Email: <a href=\"mailto:thiele-techdo@web.de\">thiele-techdo@web.de<\/a><\/p>\n<p>[\/et_pb_text][et_pb_sidebar area=&#8220;et_pb_widget_area_2&#8243; admin_label=&#8220;Widget: Links&#8220; _builder_version=&#8220;4.27.2&#8243; _module_preset=&#8220;default&#8220; background_color=&#8220;#f2f0ea&#8220; custom_padding=&#8220;20px|15px|15px|15px|false|false&#8220; border_width_top=&#8220;4px&#8220; border_color_top=&#8220;#934e99&#8243; global_colors_info=&#8220;{}&#8220; theme_builder_area=&#8220;post_content&#8220;][\/et_pb_sidebar][\/et_pb_column][\/et_pb_row][\/et_pb_section]<\/p>\n","protected":false},"excerpt":{"rendered":"<p>Unsere OrgelnOrgel der Dorfkirche in Buchenberg Nach einem 1977 erstellten Vorschlag der Orgelbaufirma Heintz in Schiltach wurde 1980 der Umbau \/ die Erweiterung der vorhandenen ersten Orgel der Dorfkirche abgeschlossen und die Orgel durch das Evangelische Orgel- und Glockenpr\u00fcfungsamt S\u00fcdbaden abgenommen. Unter Verwendung des Geh\u00e4uses und des vorhandenen Pfeifenbestandes, der zum Teil ersetzt bzw. erg\u00e4nzt [&hellip;]<\/p>\n","protected":false},"author":2,"featured_media":0,"parent":0,"menu_order":0,"comment_status":"closed","ping_status":"closed","template":"","meta":{"_et_pb_use_builder":"on","_et_pb_old_content":"","_et_gb_content_width":"","footnotes":""},"class_list":["post-287","page","type-page","status-publish","hentry"],"_links":{"self":[{"href":"https:\/\/ekibw.de\/index.php?rest_route=\/wp\/v2\/pages\/287","targetHints":{"allow":["GET"]}}],"collection":[{"href":"https:\/\/ekibw.de\/index.php?rest_route=\/wp\/v2\/pages"}],"about":[{"href":"https:\/\/ekibw.de\/index.php?rest_route=\/wp\/v2\/types\/page"}],"author":[{"embeddable":true,"href":"https:\/\/ekibw.de\/index.php?rest_route=\/wp\/v2\/users\/2"}],"replies":[{"embeddable":true,"href":"https:\/\/ekibw.de\/index.php?rest_route=%2Fwp%2Fv2%2Fcomments&post=287"}],"version-history":[{"count":17,"href":"https:\/\/ekibw.de\/index.php?rest_route=\/wp\/v2\/pages\/287\/revisions"}],"predecessor-version":[{"id":3509,"href":"https:\/\/ekibw.de\/index.php?rest_route=\/wp\/v2\/pages\/287\/revisions\/3509"}],"wp:attachment":[{"href":"https:\/\/ekibw.de\/index.php?rest_route=%2Fwp%2Fv2%2Fmedia&parent=287"}],"curies":[{"name":"wp","href":"https:\/\/api.w.org\/{rel}","templated":true}]}}