{"id":283,"date":"2020-12-11T14:25:21","date_gmt":"2020-12-11T14:25:21","guid":{"rendered":"https:\/\/ekibw.de\/?page_id=283"},"modified":"2026-01-26T08:12:41","modified_gmt":"2026-01-26T08:12:41","slug":"posaunenchor-weiler","status":"publish","type":"page","link":"https:\/\/ekibw.de\/?page_id=283","title":{"rendered":"Posaunenchor Weiler"},"content":{"rendered":"<p>[et_pb_section fb_built=&#8220;1&#8243; _builder_version=&#8220;4.16&#8243; _module_preset=&#8220;default&#8220; use_background_color_gradient=&#8220;on&#8220; background_color_gradient_stops=&#8220;#f2f0ea 0%|#ffffff 100%&#8220; background_color_gradient_start=&#8220;#f2f0ea&#8220; background_color_gradient_end=&#8220;#ffffff&#8220; background_enable_image=&#8220;off&#8220; background_blend=&#8220;darken&#8220; custom_padding=&#8220;43px||40px|||&#8220; global_colors_info=&#8220;{}&#8220;][et_pb_row column_structure=&#8220;3_4,1_4&#8243; _builder_version=&#8220;4.27.2&#8243; _module_preset=&#8220;default&#8220; background_color=&#8220;#ffffff&#8220; custom_margin=&#8220;-43px||||false|false&#8220; custom_padding=&#8220;10px|20px|7px|32px|false|false&#8220; global_colors_info=&#8220;{}&#8220;][et_pb_column type=&#8220;3_4&#8243; _builder_version=&#8220;4.16&#8243; _module_preset=&#8220;default&#8220; global_colors_info=&#8220;{}&#8220;][et_pb_text admin_label=&#8220;\u00dcberschrift&#8220; _builder_version=&#8220;4.16&#8243; text_font=&#8220;||||||||&#8220; text_font_size=&#8220;16px&#8220; text_line_height=&#8220;2em&#8220; header_font=&#8220;||||||||&#8220; header_text_color=&#8220;#44580e&#8220; header_2_font=&#8220;Montserrat|800|||||||&#8220; header_2_font_size=&#8220;30px&#8220; header_2_line_height=&#8220;1.5em&#8220; header_3_font=&#8220;||||||||&#8220; header_4_font=&#8220;||||||||&#8220; max_width=&#8220;520px&#8220; max_width_tablet=&#8220;700px&#8220; max_width_phone=&#8220;700px&#8220; max_width_last_edited=&#8220;off|desktop&#8220; custom_margin=&#8220;||30px|&#8220; custom_margin_tablet=&#8220;|0px||&#8220; custom_margin_phone=&#8220;|0px||&#8220; custom_margin_last_edited=&#8220;off|desktop&#8220; custom_padding=&#8220;20px|||&#8220; header_2_font_size_tablet=&#8220;30px&#8220; header_2_font_size_phone=&#8220;20px&#8220; header_2_font_size_last_edited=&#8220;on|phone&#8220; border_color_all=&#8220;#44580e&#8220; border_width_bottom=&#8220;2px&#8220; border_color_bottom=&#8220;#7cda24&#8243; locked=&#8220;off&#8220; global_colors_info=&#8220;{}&#8220;]<\/p>\n<h2>Posaunenchor Weiler<\/h2>\n<p>[\/et_pb_text][et_pb_text _builder_version=&#8220;4.27.5&#8243; _module_preset=&#8220;default&#8220; custom_padding=&#8220;||53px|||&#8220; global_colors_info=&#8220;{}&#8220;]<\/p>\n<p>Der Posaunenchor Weiler wurde 1952 gegr\u00fcndet. Wir sind ein Teil der 117.000 Bl\u00e4serinnen und Bl\u00e4ser, die im\u00a0Evangelischen Posaunendienst in Deutschland e. V.\u00a0in ca. 7000 Posaunench\u00f6ren organisiert sind. In Baden, also zwischen Konstanz und Wertheim, gibt es 251 Posaunench\u00f6re mit insgesamt etwa 5.500 Mitgliedern, die der\u00a0\u201eBadischen Posaunenarbeit\u201c\u00a0angeh\u00f6ren.<\/p>\n<p>YouTube-Link:\u00a0<a href=\"https:\/\/youtu.be\/Gb2izbYmLcc?feature=shared\">Die badische Posaunenarbeit stellt sich vor<\/a><\/p>\n<p>Wir sind gegenw\u00e4rtig 9 Bl\u00e4serinnen und Bl\u00e4ser, die Trompete, Posaune, Bariton und Tuba blasen. Der Posaunenchor gestaltet die meisten kirchlichen Festgottesdiensten, wie an Ostern, Himmelfahrt, im Advent, an Weihnachten, zu Konfirmationen sowie Kurparkgottesdienste mit. Auch bei weltlichen Anl\u00e4ssen, wie Volkstrauertag und Seniorennachmittagen sind wir dabei.<br \/>Wir proben jeden Freitag von 20:00 bis 22:00 Uhr.\u00a0Das gem\u00fctliche Beisammensein nach der Probe kommt nicht zu kurz.<br \/>Wir freuen uns immer \u00fcber neue Mitglieder. Ob Kind (ab ca. 8 Jahren), Jugendlicher oder Erwachsener, gerne auch Wiedereinsteiger, alle sind herzlich willkommen. M\u00f6chte jemand ein Instrument neu erlernen, l\u00e4sst sich sicherlich im Kirchenbezirk eine L\u00f6sung finden, au\u00dferdem gibt es immer wieder Bl\u00e4serlehrg\u00e4nge der Landesposaunenarbeit auch f\u00fcr Jungbl\u00e4ser.<br \/>F\u00fcr Trompetenbl\u00e4serinnen und Trompetenbl\u00e4ser, die das Blasen in einem Musikverein in B gelernt haben, stehen inzwischen entsprechende Noten zur Verf\u00fcgung.<br \/>Wir haben, bei Bedarf, auch Leihinstrumente, die wir gerne zur Verf\u00fcgung stellen.<\/p>\n<p>[\/et_pb_text][et_pb_gallery gallery_ids=&#8220;4390,4391,4392,4393,3225,3226,1193,1948,1947,1946,1942,1941,1949&#8243; posts_number=&#8220;3&#8243; _builder_version=&#8220;4.27.5&#8243; _module_preset=&#8220;default&#8220; global_colors_info=&#8220;{}&#8220;][\/et_pb_gallery][\/et_pb_column][et_pb_column type=&#8220;1_4&#8243; _builder_version=&#8220;4.16&#8243; _module_preset=&#8220;default&#8220; global_colors_info=&#8220;{}&#8220;][et_pb_text admin_label=&#8220;Ansprechpartner&#8220; _builder_version=&#8220;4.27.5&#8243; _module_preset=&#8220;default&#8220; background_color=&#8220;rgba(242,240,234,0.5)&#8220; custom_margin=&#8220;80px||||false|false&#8220; custom_padding=&#8220;20px|15px|15px|15px|false|false&#8220; hover_enabled=&#8220;0&#8243; border_width_top=&#8220;4px&#8220; border_color_top=&#8220;#934e99&#8243; global_colors_info=&#8220;{}&#8220; sticky_enabled=&#8220;0&#8243;]<\/p>\n<p><strong>Ansprechpartner\/in:<\/strong><\/p>\n<p>Martina Wiedle<br \/>Tel: (0 77 24) 8 21 86<br \/>abends ab 18:00 Uhr<br \/>Email: <a href=\"mailto:info@koenigsfeld-weiler.posaunenchor.de\">info@koenigsfeld-weiler.posaunenchor.de<\/a><\/p>\n<p>[\/et_pb_text][et_pb_text admin_label=&#8220;Termin der Gruppe&#8220; _builder_version=&#8220;4.27.4&#8243; _module_preset=&#8220;default&#8220; background_color=&#8220;rgba(242,240,234,0.5)&#8220; custom_margin=&#8220;20px||||false|false&#8220; custom_padding=&#8220;20px|15px|15px|15px|false|false&#8220; border_width_top=&#8220;4px&#8220; border_color_top=&#8220;#934e99&#8243; global_colors_info=&#8220;{}&#8220;]<\/p>\n<p>Wir treffen uns immer\u00a0<strong>Freitags<\/strong> um <strong>20:00 Uhr<\/strong> im <strong>Gemeinderaum in Weiler<\/strong><\/p>\n<p>[\/et_pb_text][et_pb_sidebar area=&#8220;et_pb_widget_area_2&#8243; admin_label=&#8220;Widget: Links&#8220; _builder_version=&#8220;4.27.2&#8243; _module_preset=&#8220;default&#8220; background_color=&#8220;#f2f0ea&#8220; custom_padding=&#8220;20px|15px|15px|15px|false|false&#8220; border_width_top=&#8220;4px&#8220; border_color_top=&#8220;#934e99&#8243; global_colors_info=&#8220;{}&#8220;][\/et_pb_sidebar][\/et_pb_column][\/et_pb_row][\/et_pb_section]<\/p>\n","protected":false},"excerpt":{"rendered":"<p>Posaunenchor Weiler Der Posaunenchor Weiler wurde 1952 gegr\u00fcndet. Wir sind ein Teil der 117.000 Bl\u00e4serinnen und Bl\u00e4ser, die im\u00a0Evangelischen Posaunendienst in Deutschland e. V.\u00a0in ca. 7000 Posaunench\u00f6ren organisiert sind. In Baden, also zwischen Konstanz und Wertheim, gibt es 251 Posaunench\u00f6re mit insgesamt etwa 5.500 Mitgliedern, die der\u00a0\u201eBadischen Posaunenarbeit\u201c\u00a0angeh\u00f6ren. YouTube-Link:\u00a0Die badische Posaunenarbeit stellt sich vor Wir [&hellip;]<\/p>\n","protected":false},"author":2,"featured_media":0,"parent":0,"menu_order":0,"comment_status":"closed","ping_status":"closed","template":"","meta":{"_et_pb_use_builder":"on","_et_pb_old_content":"","_et_gb_content_width":"","footnotes":""},"class_list":["post-283","page","type-page","status-publish","hentry"],"_links":{"self":[{"href":"https:\/\/ekibw.de\/index.php?rest_route=\/wp\/v2\/pages\/283","targetHints":{"allow":["GET"]}}],"collection":[{"href":"https:\/\/ekibw.de\/index.php?rest_route=\/wp\/v2\/pages"}],"about":[{"href":"https:\/\/ekibw.de\/index.php?rest_route=\/wp\/v2\/types\/page"}],"author":[{"embeddable":true,"href":"https:\/\/ekibw.de\/index.php?rest_route=\/wp\/v2\/users\/2"}],"replies":[{"embeddable":true,"href":"https:\/\/ekibw.de\/index.php?rest_route=%2Fwp%2Fv2%2Fcomments&post=283"}],"version-history":[{"count":34,"href":"https:\/\/ekibw.de\/index.php?rest_route=\/wp\/v2\/pages\/283\/revisions"}],"predecessor-version":[{"id":4400,"href":"https:\/\/ekibw.de\/index.php?rest_route=\/wp\/v2\/pages\/283\/revisions\/4400"}],"wp:attachment":[{"href":"https:\/\/ekibw.de\/index.php?rest_route=%2Fwp%2Fv2%2Fmedia&parent=283"}],"curies":[{"name":"wp","href":"https:\/\/api.w.org\/{rel}","templated":true}]}}