{"id":269,"date":"2020-12-11T14:23:29","date_gmt":"2020-12-11T14:23:29","guid":{"rendered":"https:\/\/ekibw.de\/?page_id=269"},"modified":"2026-05-14T09:34:18","modified_gmt":"2026-05-14T09:34:18","slug":"termine","status":"publish","type":"page","link":"https:\/\/ekibw.de\/?page_id=269","title":{"rendered":"Termine"},"content":{"rendered":"<p>[et_pb_section fb_built=&#8220;1&#8243; _builder_version=&#8220;4.16&#8243; _module_preset=&#8220;default&#8220; use_background_color_gradient=&#8220;on&#8220; background_color_gradient_stops=&#8220;#f2f0ea 0%|#ffffff 100%&#8220; background_color_gradient_start=&#8220;#f2f0ea&#8220; background_color_gradient_end=&#8220;#ffffff&#8220; background_enable_image=&#8220;off&#8220; background_blend=&#8220;darken&#8220; custom_padding=&#8220;43px||40px|||&#8220; global_colors_info=&#8220;{}&#8220;][et_pb_row column_structure=&#8220;3_4,1_4&#8243; _builder_version=&#8220;4.27.2&#8243; _module_preset=&#8220;default&#8220; background_color=&#8220;#FFFFFF&#8220; custom_margin=&#8220;-43px||||false|false&#8220; custom_padding=&#8220;10px|20px|7px|32px|false|false&#8220; global_colors_info=&#8220;{}&#8220;][et_pb_column type=&#8220;3_4&#8243; _builder_version=&#8220;4.25.0&#8243; _module_preset=&#8220;default&#8220; global_colors_info=&#8220;{}&#8220;][et_pb_text admin_label=&#8220;Termine&#8220; _builder_version=&#8220;4.25.0&#8243; text_font=&#8220;||||||||&#8220; text_font_size=&#8220;16px&#8220; text_line_height=&#8220;2em&#8220; header_font=&#8220;||||||||&#8220; header_text_color=&#8220;#44580e&#8220; header_2_font=&#8220;Montserrat|800|||||||&#8220; header_2_font_size=&#8220;30px&#8220; header_2_line_height=&#8220;1.5em&#8220; header_3_font=&#8220;||||||||&#8220; header_4_font=&#8220;||||||||&#8220; background_color=&#8220;#FFFFFF&#8220; max_width=&#8220;520px&#8220; max_width_tablet=&#8220;700px&#8220; max_width_phone=&#8220;700px&#8220; max_width_last_edited=&#8220;off|desktop&#8220; custom_margin=&#8220;||30px|&#8220; custom_margin_tablet=&#8220;|0px||&#8220; custom_margin_phone=&#8220;|0px||&#8220; custom_margin_last_edited=&#8220;off|desktop&#8220; custom_padding=&#8220;20px|||&#8220; header_2_font_size_tablet=&#8220;30px&#8220; header_2_font_size_phone=&#8220;20px&#8220; header_2_font_size_last_edited=&#8220;on|phone&#8220; border_color_all=&#8220;#44580e&#8220; border_width_bottom=&#8220;2px&#8220; border_color_bottom=&#8220;#7cda24&#8243; locked=&#8220;off&#8220; global_colors_info=&#8220;{}&#8220;]<\/p>\n<h2>Termine<\/h2>\n<p>[\/et_pb_text][et_pb_text admin_label=&#8220;Evangelische Landeskirche Baden&#8220; module_id=&#8220;ev-landeskirche-baden&#8220; _builder_version=&#8220;4.27.6&#8243; _module_preset=&#8220;default&#8220; background_color=&#8220;RGBA(255,255,255,0)&#8220; border_color_all=&#8220;#000000&#8243; global_colors_info=&#8220;{}&#8220;]<\/p>\n<h4>Evangelische Landeskirche Baden<br \/>Gottesdienste in Buchenberg und Weiler<\/h4>\n<p><strong>Montag, 25.05.2026, 10:30 Uhr<\/strong><\/p>\n<p style=\"padding-left: 40px;\">Pfingstmontag<br \/>\u00d6kumenischer Regio Gottesdienst in der Kirche in Neuhausen (Adolf Schwab und Pfarrerin Gabriele von Dressler)<\/p>\n<p><strong>Sonntag, 24.05.2026<\/strong><\/p>\n<p style=\"padding-left: 40px;\">Pfingstsonntag<br \/>Predigttext: Apostelgeschichte 2, 1-21 <br \/><strong>09:30 Uhr\u00a0<\/strong>Gottesdienst mit Abendmahl in der <strong>Dorfkirche in Buchenberg<\/strong> (Pfarrerin Gabriele Mayer)<br \/><strong>09:30 Uhr<\/strong> Gottesdienst in der <strong>Kirche in Weiler<\/strong> (Pfarrerin i.R. Evi Jobst)<\/p>\n<p><strong>Donnerstag, 21.05.2026, 15:00 Uhr\u00a0<\/strong><\/p>\n<p style=\"padding-left: 40px;\">Trauung Fam. Worms-Sautter in der Nikolauskirche in Buchenberg<\/p>\n<p><strong>Sonntag, 17.05.2026, 09:30 Uhr<\/strong><\/p>\n<p style=\"padding-left: 40px;\">Exaudi<br \/>Predigttext: Jeremia 31, 31 \u2013 34<br \/>Gottesdienst mit Abendmahl in der Kirche in Weiler (Pfarrerin Gabriele Mayer)<\/p>\n<p><strong>Donnerstag, 14.05.2026, 10:00 Uhr<\/strong><\/p>\n<p style=\"padding-left: 40px;\">Christi Himmelfahrt<br \/>Gemeinsamer Regio-Gottesdienst der Kirchengemeinden Buchenberg und Weiler, M\u00f6nchweiler und K\u00f6nigsfeld in M\u00f6nchweiler mit Pfarrer Toepper. Siehe auch die <a href=\"https:\/\/ekibw.de\/?page_id=4000\">Mitteilungen<\/a><\/p>\n<p><strong>Sonntag, 10.05.2026, 09:30 Uhr<\/strong><\/p>\n<p style=\"padding-left: 40px;\">Rogate<br \/>Predigttext: Matth\u00e4us 6, 5 \u2013 15<br \/>Trachtengottesdienst in der Nikolauskirche in Buchenberg mit anschlie\u00dfendem Platzkonzert<br \/>Siehe auch die <a href=\"https:\/\/ekibw.de\/?page_id=4000\">Mitteilungen<\/a><\/p>\n<p><strong>5-Minuten-Telefonandachten aus dem Kirchenbezirk unter der Telefonnummer: 07721\/2968374<\/strong><\/p>\n<p>[\/et_pb_text][et_pb_divider admin_label=&#8220;Teiler&#8220; _builder_version=&#8220;4.27.4&#8243; _module_preset=&#8220;default&#8220; global_colors_info=&#8220;{}&#8220;][\/et_pb_divider][et_pb_text admin_label=&#8220;Gemeinsame Termine&#8220; module_id=&#8220;gemeinsameTermine&#8220; _builder_version=&#8220;4.27.6&#8243; _module_preset=&#8220;default&#8220; background_color=&#8220;RGBA(255,255,255,0)&#8220; global_colors_info=&#8220;{}&#8220;]<\/p>\n<h4>Gemeinsame Termine<\/h4>\n<p><strong>Donnerstag, 07.05.2026 um 18:30 Uhr<\/strong><\/p>\n<p style=\"padding-left: 40px;\">Die Kirchengemeinde Buchenberg und Weiler l\u00e4dt zum Konfirmanden-Unterricht 2026\/2027 ein.<br \/>Jugendliche, die in der 8. Klasse sind und am 30.06.2027 das 14. Lebensjahr vollendet haben, k\u00f6nnen sich 2027 konfirmieren lassen. Dabei gibt es auch Ausnahmen, die dann im jeweiligen Fall besprochen werden k\u00f6nnen.<\/p>\n<p style=\"padding-left: 40px;\">Wir laden die Eltern mit ihren Kindern herzlich zum Anmeldeabend am Donnerstag, 07.05.2026 um 18:30 Uhr in den Gemeinderaum in Weiler ein. Dort werden bereits feststehende Termine f\u00fcr das neue Konfirmandenjahr bekanntgegeben.<br \/>Bitte den Taufspruch mitbringen.<br \/>Wir freuen uns, Sie an diesem Abend mit Ihren Kindern begr\u00fc\u00dfen zu k\u00f6nnen!<\/p>\n<p><strong>Einladung zur Jubil\u00e4umskonfirmation<\/strong><\/p>\n<p style=\"padding-left: 40px;\">Die Kirchengemeinde Buchenberg und Weiler laden herzlich ein zur Jubil\u00e4umskonfirmation<\/p>\n<p style=\"padding-left: 40px;\"><strong>in Buchenberg am Sonntag, 07. Juni 2026<\/strong><br \/><strong>in Weiler am Sonntag, 14. Juni 2026<\/strong><\/p>\n<p style=\"padding-left: 40px;\">Eingeladen sind die Konfirmationsjahrg\u00e4nge 1976, 1966, 1961, 1956, 1951 und 1946 aus Weiler und Buchenberg.<br \/>Es sind auch Jubil\u00e4umskonfirmanden eingeladen, die nicht mehr hier wohnen oder die neu zugezogen sind.<br \/>Wenn Sie gerne diesen besonderen Tag mit uns feiern wollen, bitten wir Sie, sich bis zum <strong>Freitag, 15.05.2026<\/strong> mit dem jeweiligen Pfarrb\u00fcro in Verbindung zu setzen.<\/p>\n<p>[\/et_pb_text][et_pb_divider _builder_version=&#8220;4.25.1&#8243; _module_preset=&#8220;default&#8220; global_colors_info=&#8220;{}&#8220;][\/et_pb_divider][et_pb_text admin_label=&#8220;Buchenberg&#8220; module_id=&#8220;mitteilungen-aus-buchenberg&#8220; _builder_version=&#8220;4.27.6&#8243; _module_preset=&#8220;default&#8220; background_color=&#8220;RGBA(255,255,255,0)&#8220; global_colors_info=&#8220;{}&#8220;]<\/p>\n<h4>Termine f\u00fcr Buchenberg<\/h4>\n<p><strong>Donnerstag, 21.05.2026, 19:30 Uhr<\/strong><\/p>\n<p style=\"padding-left: 40px;\">Bibelgespr\u00e4chskreis im Gemeinderaum<\/p>\n<p><strong>Mittwoch, 20.05.2026, 14:30 Uhr<\/strong><\/p>\n<p style=\"padding-left: 40px;\">Kaffeenachmittag des Diakonievereins Buchenberg im Rathaussaal. Mitglieder, G\u00e4ste und neue Gesichter sind gerne willkommen.<\/p>\n<p>[\/et_pb_text][et_pb_divider _builder_version=&#8220;4.25.1&#8243; _module_preset=&#8220;default&#8220; global_colors_info=&#8220;{}&#8220;][\/et_pb_divider][et_pb_text admin_label=&#8220;Weiler&#8220; module_id=&#8220;mitteilungen-aus-weiler&#8220; _builder_version=&#8220;4.27.6&#8243; _module_preset=&#8220;default&#8220; background_color=&#8220;RGBA(255,255,255,0)&#8220; global_colors_info=&#8220;{}&#8220;]<\/p>\n<h4>Termine f\u00fcr Weiler<\/h4>\n<p><strong>Das Pfarramt Weiler befindet sich vom 27.04. bis 08.05. 2026 im Urlaub.<\/strong><br \/><strong>In dringenden F\u00e4llen k\u00f6nnen Sie sich gerne an das Pfarramt in Buchenberg wenden!<\/strong><\/p>\n<p><strong>Mittwoch, 3.6.2026, 19:00 Uhr<\/strong><\/p>\n<p style=\"padding-left: 40px;\">Einladung zum Spieletreff im Gemeinderaum in Weiler.<br \/>Siehe auch die <a href=\"https:\/\/ekibw.de\/?page_id=4000\">Mitteilungen<\/a>.<\/p>\n<p>[\/et_pb_text][et_pb_divider _builder_version=&#8220;4.25.1&#8243; _module_preset=&#8220;default&#8220; global_colors_info=&#8220;{}&#8220;][\/et_pb_divider][et_pb_text admin_label=&#8220;regelmaessige Termine&#8220; module_id=&#8220;woechentliche-termine&#8220; _builder_version=&#8220;4.27.6&#8243; _module_preset=&#8220;default&#8220; background_color=&#8220;RGBA(255,255,255,0)&#8220; hover_enabled=&#8220;0&#8243; global_colors_info=&#8220;{}&#8220; sticky_enabled=&#8220;0&#8243;]<\/p>\n<h4>Regelm\u00e4\u00dfige Termine f\u00fcr Buchenberg und Weiler<strong><br \/><\/strong><\/h4>\n<p><strong>In den Schulferien finden die Gruppen und Kreise nach Absprache statt.<\/strong><\/p>\n<p><strong>Dienstags<\/strong><\/p>\n<p style=\"padding-left: 40px;\"><strong>19:30 Uhr:<\/strong> Kirchenchorprobe im Rathaussaal in Buchenberg<\/p>\n<p><strong>Mittwochs<\/strong><\/p>\n<p style=\"padding-left: 40px;\"><strong>09:30 Uhr<\/strong>: Krabbelgruppe \u201eDie Kirchenm\u00e4use\u201c (bis 3 Jahre) im Gemeinderaum in Buchenberg<br \/><strong>19:00 Uhr, jeden ersten Mittwoch im Monat:<\/strong> Spieletreff im Gemeinderaum in Weiler<\/p>\n<p><strong>Donnerstags<\/strong><\/p>\n<p style=\"padding-left: 40px;\"><strong>Wegen Feiertag Christi Himmelfahrt nach Absprache<br \/>09:00 Uhr:<\/strong> Krabbelgruppe Kleine Feder in der Gemeindehalle in Weiler<br \/><strong>15:00 Uhr:<\/strong> Jungschar f\u00fcr M\u00e4dchen und Jungen von 6-12 Jahren im Gemeinderaum in Buchenberg<\/p>\n<p><strong>Freitags<\/strong><\/p>\n<p style=\"padding-left: 40px;\"><strong>Wegen Br\u00fcckentag nach Absprache<br \/>20:00 Uhr:<\/strong> Probe des Posaunenchors im Gemeinderaum in Weiler<\/p>\n<p>[\/et_pb_text][et_pb_divider _builder_version=&#8220;4.25.1&#8243; _module_preset=&#8220;default&#8220; global_colors_info=&#8220;{}&#8220;][\/et_pb_divider][et_pb_text admin_label=&#8220;Taufsonntage&#8220; module_id=&#8220;taufsonntage&#8220; _builder_version=&#8220;4.27.6&#8243; _module_preset=&#8220;default&#8220; background_color=&#8220;RGBA(255,255,255,0)&#8220; global_colors_info=&#8220;{}&#8220;]<\/p>\n<h4>Taufsonntage<\/h4>\n<p>Wir freuen uns mit, wenn ein neues Leben auf der Erde beginnt. Die Geburt eines Kindes ist immer noch etwas ganz Besonderes. Ein kleiner Mensch, der heranw\u00e4chst und reift, der H\u00f6hen und Tiefen erlebt und ein Leben, das unverwechselbar sein wird, so wie das kleine Wesen, f\u00fcr das der Weg des Lebens gerade erst beginnt.<br \/>Besonders sch\u00f6n ist es, wenn dieses Leben und das Leben der Eltern und Paten unter Gottes Segen steht. In der Taufe spricht Gott sein Ja zu uns.<br \/>F\u00fcr das Jahr 2026 bieten wir Taufsonntage an wie folgt:<\/p>\n<p style=\"padding-left: 40px;\">21.06.2026 in Buchenberg<br \/>28.06.2026 in Weiler<br \/>18.10.2026 in Weiler<br \/>25.10.2026 in Buchenberg<\/p>\n<p>Die weiteren Tauftermine werden rechtzeitig bekanntgegeben.<br \/>Herzlich willkommen in unseren Gottesdiensten!<\/p>\n<p>[\/et_pb_text][et_pb_divider _builder_version=&#8220;4.25.1&#8243; _module_preset=&#8220;default&#8220; global_colors_info=&#8220;{}&#8220;][\/et_pb_divider][et_pb_text admin_label=&#8220;Sprechstunden und Oeffnungszeiten&#8220; module_id=&#8220;sprechstunden-und-oeffnungszeiten&#8220; _builder_version=&#8220;4.27.6&#8243; _module_preset=&#8220;default&#8220; background_color=&#8220;RGBA(255,255,255,0)&#8220; global_colors_info=&#8220;{}&#8220;]<\/p>\n<p><strong>Sprechstunden Pfarrerin Dr. Gabriele Mayer<\/strong><\/p>\n<p style=\"padding-left: 40px;\">in <strong>Buchenberg<\/strong>: freitags von 10:00 bis 11:30 Uhr und nach Vereinbarung im Pfarramt<br \/>in <strong>Weiler<\/strong>: jeweils nach Vereinbarung im Gemeinderaum<\/p>\n<p style=\"padding-left: 40px;\">Kontakt Pfarrerin Dr. Gabriele Mayer<br \/>Mail: <a href=\"mailto:gabriele.mayer@kbz.ekiba.de\">gabriele.mayer@kbz.ekiba.de<\/a><br \/>Privat: 07725\/6713926<br \/>Mobil: 0173\/3627855<\/p>\n<p><strong>\u00d6ffnungszeiten und Kontaktdaten der Pfarr\u00e4mter<\/strong><\/p>\n<p style=\"padding-left: 40px;\"><strong>Neue gemeinsame Mail-Anschrift:<\/strong> <a href=\"mailto:buchenberg-weiler@kbz.ekiba.de\">buchenberg-weiler@kbz.ekiba.de<\/a><\/p>\n<p style=\"padding-left: 40px;\"><strong>Weiler<\/strong>: Dienstag und Donnerstag 08:00 \u2013 12:00 Uhr<br \/>Telefon: 07725 \/ 3993<br \/>Hardtstr. 5<br \/>78126 K\u00f6nigsfeld-Weiler<br \/><strong>Das Pfarramt Weiler befindet sich vom 27.04. bis 08.05. 2026 im Urlaub.<\/strong><br \/><strong>In dringenden F\u00e4llen k\u00f6nnen Sie sich gerne an das Pfarramt in Buchenberg wenden!<\/strong><\/p>\n<p style=\"padding-left: 40px;\"><strong>Buchenberg<\/strong>: Dienstag und Donnerstag 09:00 \u2013 12:00 Uhr<br \/>Telefon: 07725 \/ 7997<br \/>D\u00f6rfle 24<br \/>78126 K\u00f6nigsfeld-Buchenberg<\/p>\n<p>[\/et_pb_text][\/et_pb_column][et_pb_column type=&#8220;1_4&#8243; _builder_version=&#8220;4.25.0&#8243; _module_preset=&#8220;default&#8220; global_colors_info=&#8220;{}&#8220;][et_pb_text admin_label=&#8220;Ansprechpartner&#8220; _builder_version=&#8220;4.27.6&#8243; _module_preset=&#8220;default&#8220; background_color=&#8220;rgba(242,240,234,0.5)&#8220; custom_margin=&#8220;80px||||false|false&#8220; custom_padding=&#8220;20px|15px|15px|15px|false|false&#8220; border_width_top=&#8220;4px&#8220; border_color_top=&#8220;#934e99&#8243; global_colors_info=&#8220;{}&#8220;]<\/p>\n<p><strong>Ansprechpartner\/in:<\/strong><\/p>\n<p>Neue gemeinsame Mail-Anschrift<br \/><a href=\"mailto:buchenberg-weiler@kbz.ekiba.de\">buchenberg-weiler@kbz.ekiba.de<\/a><\/p>\n<p>Pfarramt Weiler<br \/>Tel. (0 77 25) 39 93<\/p>\n<p>Pfarramt Buchenberg<br \/>Tel. (0 77 25) 79 97<\/p>\n<p>[\/et_pb_text][et_pb_sidebar area=&#8220;et_pb_widget_area_2&#8243; admin_label=&#8220;Widget: Links&#8220; _builder_version=&#8220;4.27.2&#8243; _module_preset=&#8220;default&#8220; background_color=&#8220;#f2f0ea&#8220; custom_padding=&#8220;20px|15px|15px|15px|false|false&#8220; border_width_top=&#8220;4px&#8220; border_color_top=&#8220;#934e99&#8243; global_colors_info=&#8220;{}&#8220;][\/et_pb_sidebar][\/et_pb_column][\/et_pb_row][\/et_pb_section]<\/p>\n","protected":false},"excerpt":{"rendered":"<p>TermineEvangelische Landeskirche BadenGottesdienste in Buchenberg und Weiler Montag, 25.05.2026, 10:30 Uhr Pfingstmontag\u00d6kumenischer Regio Gottesdienst in der Kirche in Neuhausen (Adolf Schwab und Pfarrerin Gabriele von Dressler) Sonntag, 24.05.2026 PfingstsonntagPredigttext: Apostelgeschichte 2, 1-21 09:30 Uhr\u00a0Gottesdienst mit Abendmahl in der Dorfkirche in Buchenberg (Pfarrerin Gabriele Mayer)09:30 Uhr Gottesdienst in der Kirche in Weiler (Pfarrerin i.R. Evi Jobst) [&hellip;]<\/p>\n","protected":false},"author":2,"featured_media":0,"parent":0,"menu_order":0,"comment_status":"closed","ping_status":"closed","template":"","meta":{"_et_pb_use_builder":"on","_et_pb_old_content":"","_et_gb_content_width":"","footnotes":""},"class_list":["post-269","page","type-page","status-publish","hentry"],"_links":{"self":[{"href":"https:\/\/ekibw.de\/index.php?rest_route=\/wp\/v2\/pages\/269","targetHints":{"allow":["GET"]}}],"collection":[{"href":"https:\/\/ekibw.de\/index.php?rest_route=\/wp\/v2\/pages"}],"about":[{"href":"https:\/\/ekibw.de\/index.php?rest_route=\/wp\/v2\/types\/page"}],"author":[{"embeddable":true,"href":"https:\/\/ekibw.de\/index.php?rest_route=\/wp\/v2\/users\/2"}],"replies":[{"embeddable":true,"href":"https:\/\/ekibw.de\/index.php?rest_route=%2Fwp%2Fv2%2Fcomments&post=269"}],"version-history":[{"count":568,"href":"https:\/\/ekibw.de\/index.php?rest_route=\/wp\/v2\/pages\/269\/revisions"}],"predecessor-version":[{"id":4591,"href":"https:\/\/ekibw.de\/index.php?rest_route=\/wp\/v2\/pages\/269\/revisions\/4591"}],"wp:attachment":[{"href":"https:\/\/ekibw.de\/index.php?rest_route=%2Fwp%2Fv2%2Fmedia&parent=269"}],"curies":[{"name":"wp","href":"https:\/\/api.w.org\/{rel}","templated":true}]}}